{"id":48,"date":"2026-02-18T11:19:41","date_gmt":"2026-02-18T11:19:41","guid":{"rendered":"https:\/\/clairementjardin.fr\/?page_id=48"},"modified":"2026-03-16T13:40:25","modified_gmt":"2026-03-16T13:40:25","slug":"accueil","status":"publish","type":"page","link":"https:\/\/clairementjardin.fr\/","title":{"rendered":"Accueil"},"content":{"rendered":"\t\t<div data-elementor-type=\"wp-page\" data-elementor-id=\"48\" class=\"elementor elementor-48\">\n\t\t\t\t<div class=\"elementor-element elementor-element-962f118 e-flex e-con-boxed e-con e-parent\" data-id=\"962f118\" data-element_type=\"container\" data-e-type=\"container\" data-settings=\"{&quot;background_background&quot;:&quot;classic&quot;}\">\n\t\t\t\t\t<div class=\"e-con-inner\">\n\t\t\t\t<div class=\"elementor-element elementor-element-a1b8c65 elementor-widget elementor-widget-text-editor\" data-id=\"a1b8c65\" data-element_type=\"widget\" data-e-type=\"widget\" data-widget_type=\"text-editor.default\">\n\t\t\t\t\t\t\t\t\t<p>PAYSAGISTE INDEPENDANTE<\/p>\t\t\t\t\t\t\t\t<\/div>\n\t\t\t\t<div class=\"elementor-element elementor-element-88c5e76 elementor-widget elementor-widget-heading\" data-id=\"88c5e76\" data-element_type=\"widget\" data-e-type=\"widget\" data-widget_type=\"heading.default\">\n\t\t\t\t\t<h2 class=\"elementor-heading-title elementor-size-default\">Saint Germain au Mont d'Or et Alentours<\/h2>\t\t\t\t<\/div>\n\t\t\t\t<div class=\"elementor-element elementor-element-cc5b488 elementor-widget elementor-widget-text-editor\" data-id=\"cc5b488\" data-element_type=\"widget\" data-e-type=\"widget\" data-widget_type=\"text-editor.default\">\n\t\t\t\t\t\t\t\t\t<p>Je m&rsquo;occupe de votre jardin,&nbsp;<span style=\"font-style: inherit; font-weight: inherit;\">vous en profitez hiver comme \u00e9t\u00e9 !<\/span><\/p>\n<p>Conseils, mise en valeur,&nbsp;<span style=\"font-style: inherit; font-weight: inherit;\">entretien ponctuel ou r\u00e9gulier,<\/span><\/p>\n<p>c&rsquo;est Clairement Jardin !<\/p>\t\t\t\t\t\t\t\t<\/div>\n\t\t\t\t<div class=\"elementor-element elementor-element-736dcb7 elementor-align-center elementor-widget elementor-widget-button\" data-id=\"736dcb7\" data-element_type=\"widget\" data-e-type=\"widget\" data-widget_type=\"button.default\">\n\t\t\t\t\t\t\t\t\t\t<a class=\"elementor-button elementor-button-link elementor-size-sm\" href=\"https:\/\/clairementjardin.fr\/?page_id=53\">\n\t\t\t\t\t\t<span class=\"elementor-button-content-wrapper\">\n\t\t\t\t\t\t\t\t\t<span class=\"elementor-button-text\">Devis gratuit<\/span>\n\t\t\t\t\t<\/span>\n\t\t\t\t\t<\/a>\n\t\t\t\t\t\t\t\t<\/div>\n\t\t\t\t\t<\/div>\n\t\t\t\t<\/div>\n\t\t<div class=\"elementor-element elementor-element-df6db71 e-flex e-con-boxed e-con e-parent\" data-id=\"df6db71\" data-element_type=\"container\" data-e-type=\"container\">\n\t\t\t\t\t<div class=\"e-con-inner\">\n\t\t<div class=\"elementor-element elementor-element-f571f70 e-con-full e-flex e-con e-child\" data-id=\"f571f70\" data-element_type=\"container\" data-e-type=\"container\">\n\t\t\t\t<div class=\"elementor-element elementor-element-de553f8 elementor-widget elementor-widget-heading\" data-id=\"de553f8\" data-element_type=\"widget\" data-e-type=\"widget\" data-widget_type=\"heading.default\">\n\t\t\t\t\t<h2 class=\"elementor-heading-title elementor-size-default\">A propos<\/h2>\t\t\t\t<\/div>\n\t\t\t\t<div class=\"elementor-element elementor-element-1e54146 elementor-widget elementor-widget-heading\" data-id=\"1e54146\" data-element_type=\"widget\" data-e-type=\"widget\" data-widget_type=\"heading.default\">\n\t\t\t\t\t<h2 class=\"elementor-heading-title elementor-size-default\">Clairement Jardin<\/h2>\t\t\t\t<\/div>\n\t\t\t\t<div class=\"elementor-element elementor-element-96b24b9 elementor-widget elementor-widget-text-editor\" data-id=\"96b24b9\" data-element_type=\"widget\" data-e-type=\"widget\" data-widget_type=\"text-editor.default\">\n\t\t\t\t\t\t\t\t\t<p>Clairement Jardin est n\u00e9 de la passion de Claire pour la nature et le travail en ext\u00e9rieur.<\/p><p>Apr\u00e8s plusieurs ann\u00e9es d&rsquo;exp\u00e9rience en entreprises paysagistes en tant qu&rsquo;ouvri\u00e8re d&rsquo;ex\u00e9cution puis ma\u00eetre ouvri\u00e8re, elle a choisi de mettre ses comp\u00e9tences au service de ses propres clients.<\/p><p>Souriante et minutieuse, elle propose des prestations d&rsquo;entretien et de jardinage adapt\u00e9s \u00e0 chaque besoin, avec rigueur, s\u00e9rieux et respect des plantes.<\/p><p>Elle accompagne \u00e9galement ses clients avec des conseils personnalis\u00e9s pour des jardins harmonieux et soign\u00e9s toute l&rsquo;ann\u00e9e.\u00a0<\/p>\t\t\t\t\t\t\t\t<\/div>\n\t\t\t\t<\/div>\n\t\t<div class=\"elementor-element elementor-element-6e543f6 e-con-full e-flex e-con e-child\" data-id=\"6e543f6\" data-element_type=\"container\" data-e-type=\"container\">\n\t\t\t\t<div class=\"elementor-element elementor-element-a8f11bf elementor-widget elementor-widget-image\" data-id=\"a8f11bf\" data-element_type=\"widget\" data-e-type=\"widget\" data-widget_type=\"image.default\">\n\t\t\t\t\t\t\t\t\t\t\t\t\t\t\t<img fetchpriority=\"high\" decoding=\"async\" width=\"1024\" height=\"557\" src=\"http:\/\/clairementjardin.fr\/wp-content\/uploads\/2026\/02\/Site-A-propos-1024x557.jpg\" class=\"attachment-large size-large wp-image-114\" alt=\"\" srcset=\"http:\/\/clairementjardin.fr\/wp-content\/uploads\/2026\/02\/Site-A-propos-1024x557.jpg 1024w, http:\/\/clairementjardin.fr\/wp-content\/uploads\/2026\/02\/Site-A-propos-300x163.jpg 300w, http:\/\/clairementjardin.fr\/wp-content\/uploads\/2026\/02\/Site-A-propos-768x418.jpg 768w, http:\/\/clairementjardin.fr\/wp-content\/uploads\/2026\/02\/Site-A-propos-1536x836.jpg 1536w, http:\/\/clairementjardin.fr\/wp-content\/uploads\/2026\/02\/Site-A-propos-2048x1115.jpg 2048w\" sizes=\"(max-width: 1024px) 100vw, 1024px\" \/>\t\t\t\t\t\t\t\t\t\t\t\t\t\t\t<\/div>\n\t\t\t\t<\/div>\n\t\t\t\t\t<\/div>\n\t\t\t\t<\/div>\n\t\t<div class=\"elementor-element elementor-element-b06b78b e-flex e-con-boxed e-con e-parent\" data-id=\"b06b78b\" data-element_type=\"container\" data-e-type=\"container\">\n\t\t\t\t\t<div class=\"e-con-inner\">\n\t\t\t\t<div class=\"elementor-element elementor-element-0790906 elementor-absolute elementor-widget elementor-widget-heading\" data-id=\"0790906\" data-element_type=\"widget\" data-e-type=\"widget\" data-settings=\"{&quot;_position&quot;:&quot;absolute&quot;}\" data-widget_type=\"heading.default\">\n\t\t\t\t\t<h2 class=\"elementor-heading-title elementor-size-default\">SERVICES<\/h2>\t\t\t\t<\/div>\n\t\t<div class=\"elementor-element elementor-element-fc5592c e-con-full e-flex e-con e-child\" data-id=\"fc5592c\" data-element_type=\"container\" data-e-type=\"container\">\n\t\t\t\t<div class=\"elementor-element elementor-element-6b6b435 elementor-widget elementor-widget-heading\" data-id=\"6b6b435\" data-element_type=\"widget\" data-e-type=\"widget\" data-widget_type=\"heading.default\">\n\t\t\t\t\t<h2 class=\"elementor-heading-title elementor-size-default\">TONTE DE PELOUSE<\/h2>\t\t\t\t<\/div>\n\t\t\t\t<div class=\"elementor-element elementor-element-b105ac8 elementor-widget elementor-widget-text-editor\" data-id=\"b105ac8\" data-element_type=\"widget\" data-e-type=\"widget\" data-widget_type=\"text-editor.default\">\n\t\t\t\t\t\t\t\t\t<p>Tonte avec tondeuse 50 pour une coupe nette et uniforme.<\/p>\n<p>Finitions soign\u00e9es pour un gazon propre et harmonieux.<\/p>\t\t\t\t\t\t\t\t<\/div>\n\t\t\t\t<div class=\"elementor-element elementor-element-e767cbf elementor-widget elementor-widget-image\" data-id=\"e767cbf\" data-element_type=\"widget\" data-e-type=\"widget\" data-widget_type=\"image.default\">\n\t\t\t\t\t\t\t\t\t\t\t\t\t\t\t<img decoding=\"async\" width=\"588\" height=\"393\" src=\"http:\/\/clairementjardin.fr\/wp-content\/uploads\/2026\/02\/Tondeuse-1.jpg\" class=\"attachment-large size-large wp-image-132\" alt=\"\" srcset=\"http:\/\/clairementjardin.fr\/wp-content\/uploads\/2026\/02\/Tondeuse-1.jpg 588w, http:\/\/clairementjardin.fr\/wp-content\/uploads\/2026\/02\/Tondeuse-1-300x201.jpg 300w\" sizes=\"(max-width: 588px) 100vw, 588px\" \/>\t\t\t\t\t\t\t\t\t\t\t\t\t\t\t<\/div>\n\t\t\t\t<\/div>\n\t\t<div class=\"elementor-element elementor-element-4f6cbee e-con-full e-flex e-con e-child\" data-id=\"4f6cbee\" data-element_type=\"container\" data-e-type=\"container\">\n\t\t\t\t<div class=\"elementor-element elementor-element-5f891a7 elementor-widget elementor-widget-heading\" data-id=\"5f891a7\" data-element_type=\"widget\" data-e-type=\"widget\" data-widget_type=\"heading.default\">\n\t\t\t\t\t<h2 class=\"elementor-heading-title elementor-size-default\">DESHERBAGE<\/h2>\t\t\t\t<\/div>\n\t\t\t\t<div class=\"elementor-element elementor-element-3217523 elementor-widget elementor-widget-text-editor\" data-id=\"3217523\" data-element_type=\"widget\" data-e-type=\"widget\" data-widget_type=\"text-editor.default\">\n\t\t\t\t\t\t\t\t\t<p>Elimination des mauvaises herbes pour pr\u00e9server la sant\u00e9 et la beaut\u00e9 de vos massifs et all\u00e9es.<\/p>\t\t\t\t\t\t\t\t<\/div>\n\t\t\t\t<div class=\"elementor-element elementor-element-75af6ba elementor-widget elementor-widget-image\" data-id=\"75af6ba\" data-element_type=\"widget\" data-e-type=\"widget\" data-widget_type=\"image.default\">\n\t\t\t\t\t\t\t\t\t\t\t\t\t\t\t<img decoding=\"async\" width=\"900\" height=\"600\" src=\"http:\/\/clairementjardin.fr\/wp-content\/uploads\/2026\/02\/Desherbage.webp\" class=\"attachment-large size-large wp-image-126\" alt=\"\" srcset=\"http:\/\/clairementjardin.fr\/wp-content\/uploads\/2026\/02\/Desherbage.webp 900w, http:\/\/clairementjardin.fr\/wp-content\/uploads\/2026\/02\/Desherbage-300x200.webp 300w, http:\/\/clairementjardin.fr\/wp-content\/uploads\/2026\/02\/Desherbage-768x512.webp 768w\" sizes=\"(max-width: 900px) 100vw, 900px\" \/>\t\t\t\t\t\t\t\t\t\t\t\t\t\t\t<\/div>\n\t\t\t\t<\/div>\n\t\t<div class=\"elementor-element elementor-element-02aaf85 e-con-full e-flex e-con e-child\" data-id=\"02aaf85\" data-element_type=\"container\" data-e-type=\"container\">\n\t\t\t\t<div class=\"elementor-element elementor-element-4cc1454 elementor-widget elementor-widget-heading\" data-id=\"4cc1454\" data-element_type=\"widget\" data-e-type=\"widget\" data-widget_type=\"heading.default\">\n\t\t\t\t\t<h2 class=\"elementor-heading-title elementor-size-default\">TAILLE EN TAUPIERE ET NUAGE<\/h2>\t\t\t\t<\/div>\n\t\t\t\t<div class=\"elementor-element elementor-element-2fd61fc elementor-widget elementor-widget-text-editor\" data-id=\"2fd61fc\" data-element_type=\"widget\" data-e-type=\"widget\" data-widget_type=\"text-editor.default\">\n\t\t\t\t\t\t\t\t\t<p>Taille ornementale pr\u00e9cise pour structurer et sublimer vos arbustes.<\/p>\t\t\t\t\t\t\t\t<\/div>\n\t\t\t\t<div class=\"elementor-element elementor-element-6f22a7e elementor-widget elementor-widget-image\" data-id=\"6f22a7e\" data-element_type=\"widget\" data-e-type=\"widget\" data-widget_type=\"image.default\">\n\t\t\t\t\t\t\t\t\t\t\t\t\t\t\t<img decoding=\"async\" src=\"http:\/\/clairementjardin.fr\/wp-content\/uploads\/elementor\/thumbs\/Taille-arbre-en-nuage-rjduq055wnabkavg87g6lxwyh2bhtrfmwxgqaxunm0.jpg\" title=\"Taille-arbre-en-nuage\" alt=\"Taille-arbre-en-nuage\" loading=\"lazy\" \/>\t\t\t\t\t\t\t\t\t\t\t\t\t\t\t<\/div>\n\t\t\t\t<\/div>\n\t\t<div class=\"elementor-element elementor-element-f25f014 e-con-full e-flex e-con e-child\" data-id=\"f25f014\" data-element_type=\"container\" data-e-type=\"container\">\n\t\t\t\t<div class=\"elementor-element elementor-element-d829f9f elementor-widget elementor-widget-heading\" data-id=\"d829f9f\" data-element_type=\"widget\" data-e-type=\"widget\" data-widget_type=\"heading.default\">\n\t\t\t\t\t<h2 class=\"elementor-heading-title elementor-size-default\">TAILLE DE HAIES<\/h2>\t\t\t\t<\/div>\n\t\t\t\t<div class=\"elementor-element elementor-element-e0b5d20 elementor-widget elementor-widget-text-editor\" data-id=\"e0b5d20\" data-element_type=\"widget\" data-e-type=\"widget\" data-widget_type=\"text-editor.default\">\n\t\t\t\t\t\t\t\t\t<p>Entretien r\u00e9gulier pour des haies denses, \u00e9quilibr\u00e9es et parfaitement nettes.<\/p>\t\t\t\t\t\t\t\t<\/div>\n\t\t\t\t<div class=\"elementor-element elementor-element-c97bb58 elementor-widget elementor-widget-image\" data-id=\"c97bb58\" data-element_type=\"widget\" data-e-type=\"widget\" data-widget_type=\"image.default\">\n\t\t\t\t\t\t\t\t\t\t\t\t\t\t\t<img loading=\"lazy\" decoding=\"async\" width=\"800\" height=\"400\" src=\"http:\/\/clairementjardin.fr\/wp-content\/uploads\/2026\/02\/Taille-de-haie.jpg\" class=\"attachment-large size-large wp-image-127\" alt=\"\" srcset=\"http:\/\/clairementjardin.fr\/wp-content\/uploads\/2026\/02\/Taille-de-haie.jpg 800w, http:\/\/clairementjardin.fr\/wp-content\/uploads\/2026\/02\/Taille-de-haie-300x150.jpg 300w, http:\/\/clairementjardin.fr\/wp-content\/uploads\/2026\/02\/Taille-de-haie-768x384.jpg 768w\" sizes=\"(max-width: 800px) 100vw, 800px\" \/>\t\t\t\t\t\t\t\t\t\t\t\t\t\t\t<\/div>\n\t\t\t\t<\/div>\n\t\t\t\t\t<\/div>\n\t\t\t\t<\/div>\n\t\t<div class=\"elementor-element elementor-element-586978d e-flex e-con-boxed e-con e-parent\" data-id=\"586978d\" data-element_type=\"container\" data-e-type=\"container\">\n\t\t\t\t\t<div class=\"e-con-inner\">\n\t\t<div class=\"elementor-element elementor-element-5ebb409 e-con-full e-flex e-con e-child\" data-id=\"5ebb409\" data-element_type=\"container\" data-e-type=\"container\" data-settings=\"{&quot;background_background&quot;:&quot;classic&quot;}\">\n\t\t\t\t<div class=\"elementor-element elementor-element-51c879c elementor-widget elementor-widget-heading\" data-id=\"51c879c\" data-element_type=\"widget\" data-e-type=\"widget\" data-widget_type=\"heading.default\">\n\t\t\t\t\t<h2 class=\"elementor-heading-title elementor-size-default\">CONTACT<\/h2>\t\t\t\t<\/div>\n\t\t\t\t<div class=\"elementor-element elementor-element-de4e379 elementor-widget elementor-widget-text-editor\" data-id=\"de4e379\" data-element_type=\"widget\" data-e-type=\"widget\" data-widget_type=\"text-editor.default\">\n\t\t\t\t\t\t\t\t\t<p>06 31 73 42 31<\/p>\n<p><span style=\"text-decoration: underline;\">contact@clairementjardin.fr<\/span><\/p>\t\t\t\t\t\t\t\t<\/div>\n\t\t\t\t<\/div>\n\t\t\t\t\t<\/div>\n\t\t\t\t<\/div>\n\t\t\t\t<\/div>\n\t\t","protected":false},"excerpt":{"rendered":"<p>PAYSAGISTE INDEPENDANTE Saint Germain au Mont d&rsquo;Or et Alentours Je m&rsquo;occupe de votre jardin,&nbsp;vous en profitez hiver comme \u00e9t\u00e9 ! [&hellip;]<\/p>\n","protected":false},"author":1,"featured_media":0,"parent":0,"menu_order":0,"comment_status":"closed","ping_status":"closed","template":"","meta":{"site-sidebar-layout":"default","site-content-layout":"","ast-site-content-layout":"default","site-content-style":"default","site-sidebar-style":"default","ast-global-header-display":"","ast-banner-title-visibility":"","ast-main-header-display":"","ast-hfb-above-header-display":"","ast-hfb-below-header-display":"","ast-hfb-mobile-header-display":"","site-post-title":"disabled","ast-breadcrumbs-content":"","ast-featured-img":"","footer-sml-layout":"","ast-disable-related-posts":"","theme-transparent-header-meta":"","adv-header-id-meta":"","stick-header-meta":"","header-above-stick-meta":"","header-main-stick-meta":"","header-below-stick-meta":"","astra-migrate-meta-layouts":"default","ast-page-background-enabled":"default","ast-page-background-meta":{"desktop":{"background-color":"var(--ast-global-color-5)","background-image":"","background-repeat":"repeat","background-position":"center center","background-size":"auto","background-attachment":"scroll","background-type":"","background-media":"","overlay-type":"","overlay-color":"","overlay-opacity":"","overlay-gradient":""},"tablet":{"background-color":"","background-image":"","background-repeat":"repeat","background-position":"center center","background-size":"auto","background-attachment":"scroll","background-type":"","background-media":"","overlay-type":"","overlay-color":"","overlay-opacity":"","overlay-gradient":""},"mobile":{"background-color":"","background-image":"","background-repeat":"repeat","background-position":"center center","background-size":"auto","background-attachment":"scroll","background-type":"","background-media":"","overlay-type":"","overlay-color":"","overlay-opacity":"","overlay-gradient":""}},"ast-content-background-meta":{"desktop":{"background-color":"var(--ast-global-color-4)","background-image":"","background-repeat":"repeat","background-position":"center center","background-size":"auto","background-attachment":"scroll","background-type":"","background-media":"","overlay-type":"","overlay-color":"","overlay-opacity":"","overlay-gradient":""},"tablet":{"background-color":"var(--ast-global-color-4)","background-image":"","background-repeat":"repeat","background-position":"center center","background-size":"auto","background-attachment":"scroll","background-type":"","background-media":"","overlay-type":"","overlay-color":"","overlay-opacity":"","overlay-gradient":""},"mobile":{"background-color":"var(--ast-global-color-4)","background-image":"","background-repeat":"repeat","background-position":"center center","background-size":"auto","background-attachment":"scroll","background-type":"","background-media":"","overlay-type":"","overlay-color":"","overlay-opacity":"","overlay-gradient":""}},"footnotes":""},"class_list":["post-48","page","type-page","status-publish","hentry"],"_links":{"self":[{"href":"https:\/\/clairementjardin.fr\/index.php?rest_route=\/wp\/v2\/pages\/48","targetHints":{"allow":["GET"]}}],"collection":[{"href":"https:\/\/clairementjardin.fr\/index.php?rest_route=\/wp\/v2\/pages"}],"about":[{"href":"https:\/\/clairementjardin.fr\/index.php?rest_route=\/wp\/v2\/types\/page"}],"author":[{"embeddable":true,"href":"https:\/\/clairementjardin.fr\/index.php?rest_route=\/wp\/v2\/users\/1"}],"replies":[{"embeddable":true,"href":"https:\/\/clairementjardin.fr\/index.php?rest_route=%2Fwp%2Fv2%2Fcomments&post=48"}],"version-history":[{"count":93,"href":"https:\/\/clairementjardin.fr\/index.php?rest_route=\/wp\/v2\/pages\/48\/revisions"}],"predecessor-version":[{"id":250,"href":"https:\/\/clairementjardin.fr\/index.php?rest_route=\/wp\/v2\/pages\/48\/revisions\/250"}],"wp:attachment":[{"href":"https:\/\/clairementjardin.fr\/index.php?rest_route=%2Fwp%2Fv2%2Fmedia&parent=48"}],"curies":[{"name":"wp","href":"https:\/\/api.w.org\/{rel}","templated":true}]}}